{"id":30,"date":"2016-07-10T14:48:03","date_gmt":"2016-07-10T14:48:03","guid":{"rendered":"http:\/\/tiibetimeditsiin.ee\/?page_id=30"},"modified":"2023-04-10T18:17:13","modified_gmt":"2023-04-10T18:17:13","slug":"vastuvotud-ja-koolitused","status":"publish","type":"page","link":"https:\/\/tiibetimeditsiin.ee\/index.php\/vastuvotud-ja-koolitused\/","title":{"rendered":"Vastuv\u00f5tud ja koolitused"},"content":{"rendered":"<h1 class=\"\"><img loading=\"lazy\" decoding=\"async\" class=\"aligncenter wp-image-220\" src=\"http:\/\/tiibetimeditsiin.ee\/wp-content\/uploads\/2016\/07\/uus-koolitus.png\" width=\"900\" height=\"226\" srcset=\"https:\/\/tiibetimeditsiin.ee\/wp-content\/uploads\/2016\/07\/uus-koolitus.png 1300w, https:\/\/tiibetimeditsiin.ee\/wp-content\/uploads\/2016\/07\/uus-koolitus-300x75.png 300w, https:\/\/tiibetimeditsiin.ee\/wp-content\/uploads\/2016\/07\/uus-koolitus-768x193.png 768w, https:\/\/tiibetimeditsiin.ee\/wp-content\/uploads\/2016\/07\/uus-koolitus-1024x258.png 1024w\" sizes=\"auto, (max-width: 900px) 100vw, 900px\" \/><\/h1>\n<p>&nbsp;<\/p>\n<p><a href=\"http:\/\/sotapota.ee\/kabi\/wp-content\/uploads\/2016\/05\/oru-spacer.png\"><br \/>\n<img loading=\"lazy\" decoding=\"async\" class=\"aligncenter wp-image-17\" src=\"http:\/\/tiibetimeditsiin.ee\/wp-content\/uploads\/2016\/07\/oru-spacer.png\" alt=\"oru-spacer\" width=\"30\" height=\"27\" \/><\/a><\/p>\n<h1 class=\"\"><\/h1>\n<h1 class=\"\"><strong>Tiibeti meditsiini praksis<\/strong><\/h1>\n<div class=\"services-wrapper services-default cols-wrapper cols-4\"><div class=\"services-box col\"><a href=\"#\"><div class=\"img-container\"><img decoding=\"async\" src=\"http:\/\/tiibetimeditsiin.ee\/wp-content\/uploads\/2016\/07\/praksis_1-268x179.jpg\" alt=\"Konsultatisoon\"\/><\/div><\/a><div class=\"services-content\"><div class=\"sc-wraper\"><h3><a href=\"#\">Konsultatisoon<\/a><\/h3><p>vastuv\u00f5tul kuulatakse \u00e4ra kaebused, katsutakse pulssi, vaadatakse uriini ja keelt ning vajadusel ka teisi meeleorganeid<\/p><\/div><\/div><\/div><div class=\"services-box col\"><a href=\"#\"><div class=\"img-container\"><img decoding=\"async\" src=\"http:\/\/tiibetimeditsiin.ee\/wp-content\/uploads\/2016\/07\/praksis_2-268x179.jpg\" alt=\"Toitumine\"\/><\/div><\/a><div class=\"services-content\"><div class=\"sc-wraper\"><h3><a href=\"#\">Toitumine<\/a><\/h3><p>toitumise ja eluviisi-alane n\u00f5ustamine<\/p><\/div><\/div><\/div><div class=\"services-box col\"><a href=\"#\"><div class=\"img-container\"><img decoding=\"async\" src=\"http:\/\/tiibetimeditsiin.ee\/wp-content\/uploads\/2016\/07\/praksis_3-268x179.jpg\" alt=\"Teraapiad\"\/><\/div><\/a><div class=\"services-content\"><div class=\"sc-wraper\"><h3><a href=\"#\">Teraapiad<\/a><\/h3><p>n\u00f5elravi, moxa, horme, juk-ch\u00f6, kupud, vanniteraapiad, bLa-energia massaa\u017e jm<\/p><\/div><\/div><\/div><div class=\"services-box col nomargin\"><a href=\"#\"><div class=\"img-container\"><img decoding=\"async\" src=\"http:\/\/tiibetimeditsiin.ee\/wp-content\/uploads\/2016\/07\/praksis_4-268x179.jpg\" alt=\"Ravijooga\"\/><\/div><\/a><div class=\"services-content\"><div class=\"sc-wraper\"><h3><a href=\"#\">Ravijooga<\/a><\/h3><p>tiibeti ravijooga nejang<\/p><\/div><\/div><\/div><div class=\"clear\"><\/div><\/div>\n<h1 class=\"\"><strong>Visiit<\/strong><\/h1>\n<p>Kui tuled tiibeti terapeudi vastuv\u00f5tule, siis v\u00f5ta palun purgiga kaasa hommikune esmane uriin. Lisaks uriinile on peamisteks diagnostikavahenditeks veel pulss ning keel. Palun eelnevalt mitte oma keelt pesta. Kohapeal toimub vestlus, k\u00fcsitlus ja ka lisa diagnostika vastavalt vajadusele.<\/p>\n<p>Tiibeti meditsiinis on neli p\u00f5hilist ravimeetodit: toitumine, eluviis, ravimid ja protseduurid (teraapiad). Neid rakendatakse vastavalt probleemi olemusele. Saad kaasa soovitused toitumise ja eluviisi osas, vajadusel m\u00f5ne tiibeti ravijooga harjutuse v\u00f5i meditatsiooni kodus tegemiseks. Teraapiateks v\u00f5ivad olla n\u00e4iteks n\u00f5elravi, moxa, horme (mongoolia moxa), juk-ch\u00f6 teraapiaga punktide m\u00f5jutamine, kompressid, auruvannid, kaitseenergia (bLa) tugevdamine, aadrilaskmine, kupud v\u00f5i muu. Samuti kasutatakse mantraravi; kui soovid mantravett, siis v\u00f5ta palun t\u00fchi pudel \u00fches.<\/p>\n<p>Visiiditasu on 40 eurot (h\u00f5lmab konsultatsiooni ja m\u00f5nda teraapiat, kui see on n\u00e4idustatud). Vajadusel k\u00fcsi soodushinda. Visiiditasule v\u00f5ib lisanduda ravimite maksumus. Teinekord on vaja meisterdada kaitseamulett v\u00f5i viia l\u00e4bi rituaal. Nende eest on tasu annetusena.<\/p>\n<h1 class=\"\"><\/h1>\n<h1 class=\"\"><\/h1>\n<p><a href=\"http:\/\/sotapota.ee\/kabi\/wp-content\/uploads\/2016\/05\/oru-spacer.png\"><img loading=\"lazy\" decoding=\"async\" class=\"aligncenter wp-image-17\" src=\"http:\/\/tiibetimeditsiin.ee\/wp-content\/uploads\/2016\/07\/oru-spacer.png\" alt=\"oru-spacer\" width=\"30\" height=\"27\" \/><\/a><\/p>\n<h1 class=\"\"><strong>Kuhu tulla<\/strong><\/h1>\n<div>Oru talu, Maru k\u00fcla,\u00a0Mulgi vald, Viljandimaa<\/div>\n<div>Aeg kokkuleppel.<\/div>\n<div><\/div>\n<div>Helista tel: 56605010 v\u00f5i<\/div>\n<div>e-mail:\u00a0<a href=\"mailto:ngakmang@gmail.com\"><span style=\"color: #7f1919;\">ngakmang@gmail.com<\/span><\/a><\/div>\n","protected":false},"excerpt":{"rendered":"<p>&nbsp; Tiibeti meditsiini praksis Visiit Kui tuled tiibeti terapeudi vastuv\u00f5tule, siis v\u00f5ta palun purgiga kaasa hommikune esmane uriin. Lisaks uriinile [&hellip;]<\/p>\n","protected":false},"author":1,"featured_media":0,"parent":0,"menu_order":2,"comment_status":"closed","ping_status":"closed","template":"","meta":{"footnotes":""},"class_list":["post-30","page","type-page","status-publish","hentry"],"_links":{"self":[{"href":"https:\/\/tiibetimeditsiin.ee\/index.php\/wp-json\/wp\/v2\/pages\/30","targetHints":{"allow":["GET"]}}],"collection":[{"href":"https:\/\/tiibetimeditsiin.ee\/index.php\/wp-json\/wp\/v2\/pages"}],"about":[{"href":"https:\/\/tiibetimeditsiin.ee\/index.php\/wp-json\/wp\/v2\/types\/page"}],"author":[{"embeddable":true,"href":"https:\/\/tiibetimeditsiin.ee\/index.php\/wp-json\/wp\/v2\/users\/1"}],"replies":[{"embeddable":true,"href":"https:\/\/tiibetimeditsiin.ee\/index.php\/wp-json\/wp\/v2\/comments?post=30"}],"version-history":[{"count":33,"href":"https:\/\/tiibetimeditsiin.ee\/index.php\/wp-json\/wp\/v2\/pages\/30\/revisions"}],"predecessor-version":[{"id":273,"href":"https:\/\/tiibetimeditsiin.ee\/index.php\/wp-json\/wp\/v2\/pages\/30\/revisions\/273"}],"wp:attachment":[{"href":"https:\/\/tiibetimeditsiin.ee\/index.php\/wp-json\/wp\/v2\/media?parent=30"}],"curies":[{"name":"wp","href":"https:\/\/api.w.org\/{rel}","templated":true}]}}