{"id":4,"date":"2016-07-10T13:15:14","date_gmt":"2016-07-10T13:15:14","guid":{"rendered":"http:\/\/tiibetimeditsiin.ee\/?page_id=4"},"modified":"2021-01-25T18:47:38","modified_gmt":"2021-01-25T18:47:38","slug":"oru-talu","status":"publish","type":"page","link":"https:\/\/tiibetimeditsiin.ee\/","title":{"rendered":"Oru talu"},"content":{"rendered":"<h1 class=\"\"><strong>Oru talu &#8211; Maru gompa<\/strong><\/h1>\n<div>\n<p>Oru talu vana rehielamu asub ajaloolisel Mulgimaal Maru k\u00fclas.<\/p>\n<p>Siinsetes tegemistes on kokku sulanud Eesti ja Tiibeti-Mongoolia p\u00e4rimuslikud tarkused, lihtne elu koosk\u00f5las looduse ja kohavaimudega. M\u00e4rks\u00f5nadeks mahep\u00f5llundus, mesilased, ravimtaimed, ravitsemine, koolitamine, jooga, rituaalid ja vaimsed praktikad.<\/p>\n<p>&nbsp;<\/p>\n<div>\n<p><img loading=\"lazy\" decoding=\"async\" class=\"aligncenter size-full wp-image-18\" src=\"http:\/\/tiibetimeditsiin.ee\/wp-content\/uploads\/2016\/07\/oru-talu-pildid.jpg\" alt=\"oru talu pildid\" width=\"2441\" height=\"600\" srcset=\"https:\/\/tiibetimeditsiin.ee\/wp-content\/uploads\/2016\/07\/oru-talu-pildid.jpg 2441w, https:\/\/tiibetimeditsiin.ee\/wp-content\/uploads\/2016\/07\/oru-talu-pildid-300x74.jpg 300w, https:\/\/tiibetimeditsiin.ee\/wp-content\/uploads\/2016\/07\/oru-talu-pildid-768x189.jpg 768w, https:\/\/tiibetimeditsiin.ee\/wp-content\/uploads\/2016\/07\/oru-talu-pildid-1024x252.jpg 1024w\" sizes=\"auto, (max-width: 2441px) 100vw, 2441px\" \/><\/p>\n<p>&nbsp;<\/p>\n<p><img loading=\"lazy\" decoding=\"async\" class=\"aligncenter wp-image-17\" src=\"http:\/\/tiibetimeditsiin.ee\/wp-content\/uploads\/2016\/07\/oru-spacer.png\" alt=\"oru-spacer\" width=\"30\" height=\"27\" \/><\/p>\n<\/div>\n<h1 class=\"\"><strong>Anu Rootalu-Wachsmann<\/strong><\/h1>\n<div>\n<div><img loading=\"lazy\" decoding=\"async\" class=\"size-full wp-image-21 alignleft\" src=\"http:\/\/tiibetimeditsiin.ee\/wp-content\/uploads\/2016\/07\/anu-burjaatia.jpg\" alt=\"anu-burjaatia\" width=\"300\" height=\"215\" \/><\/div>\n<p>Kolmandat p\u00f5lve tallinlane j\u00f5udis omadega p\u00e4rap\u00f5rgusse ehk Mulgimaa metsadesse.<\/p>\n<p>Iga\u00fchel on elus k\u00e4ia oma vaimne tee, mis viib meid kuhugi vastavalt meie taotlustele ja karma tuultele. Minu juba puberteedieas alguse saanud vaimsed otsingud on mind toonud siia. Olen \u00f5nnelik, et saatus on mind kokku viinud v\u00e4ga eriliste inimeste ning \u00f5petajatega.<\/p>\n<p>Keskkoolis k\u00e4ies tegelesin joogaga ja katsetasin taimetoitlust. Sel ajal tekkis ka s\u00fcgavam huvi tiibeti budismi vastu. Oma esimese budismi \u00f5petaja Vello V\u00e4\u00e4rtn\u00f5uga kohtusin 1984. aastal. J\u00e4rgnesid intensiivsed aastad budismiga tegelemist Eestis ja Ivolga kloostri k\u00fclastused Burjaatias. Hiljem on olnud au \u00f5ppida mitmete tiibeti laamade juures, s.h saada \u00f5petusi Tema P\u00fchaduselt Dalai Laamalt endalt. Nyingma koolkonna Longchen Nyingthig ng\u00f6ndro \u00f5petused sain auv\u00e4\u00e4rselt Nyichang Rinpochelt.<\/p>\n<p>Kauaaegseks huviks on olnud ka Eesti vana p\u00e4rimuskultuur. Olen k\u00e4inud korjamas vanu kindakirju, osalenud arheoloogilistel v\u00e4ljakaevamistel, kogunud vanu loitse-tervendamiss\u00f5nu. Ravimtaimede kohta olen saanud teadmisi mitmetelt omaaegsetelt rahvaravitsejatelt, samuti proviisor Kaljo Mandrelt.<\/p>\n<p>\u00dcks pikaaegne huvi on olnud ka astroloogia. L\u00e4\u00e4ne astroloogia alal on \u00f5petajaks olnud Igor Mang, tiibeti elementide astroloogiat \u00f5petas Laama Lobsang Darjy.<\/p>\n<p>Enne tiibeti meditsiini juurde j\u00f5udmist \u00f5ppisin jalatalla tsoonteraapiat ehk refleksoloogiat (\u00f5petajaks prof Charles Ersdal Norrast) ja k\u00e4isin 3 aastat Neijingi koolis hiina meditsiini tudeerimas. \u00dchtlasi leidsin, et on oluline tunda ka l\u00e4\u00e4ne meditsiini ning olles \u00f5ppinud seda pea 5 aastat Tallinna Tervishoiu K\u00f5rgkoolis, sain \u00e4mmaemanda kutse.<\/p>\n<p>&nbsp;<\/p>\n<div>\n<div><img loading=\"lazy\" decoding=\"async\" class=\"aligncenter size-full wp-image-16\" src=\"http:\/\/tiibetimeditsiin.ee\/wp-content\/uploads\/2016\/07\/opetajad-tn.jpg\" alt=\"opetajad tn\" width=\"700\" height=\"195\" srcset=\"https:\/\/tiibetimeditsiin.ee\/wp-content\/uploads\/2016\/07\/opetajad-tn.jpg 700w, https:\/\/tiibetimeditsiin.ee\/wp-content\/uploads\/2016\/07\/opetajad-tn-300x84.jpg 300w\" sizes=\"auto, (max-width: 700px) 100vw, 700px\" \/><\/div>\n<div><\/div>\n<div><\/div>\n<div>Jaanuaris 2002 asusin \u00f5ppima tiibeti meditsiini ja vaimseid praktikaid oma peamise \u00f5petaja dr Nida Chenagtsangi juures. Tiibeti meditsiin on elukestev \u00f5pe ja elustiil, mist\u00f5ttu need \u00f5pingud ja eneset\u00e4iendused kestavad t\u00e4naseni. Olen l\u00f5petanud kaks eriala Rahvusvahelises Traditsioonilise Tiibeti Meditsiini Akadeemias \u2013 praktilisema teraapiate suuna ja Nelja Tantra tekstil p\u00f5hineva arsti\u00f5ppe suuna. Praktikal olen olnud nii Tiibetis kui Mongoolias. Aastal 2006 alustasin oma \u00f5petaja soovil tiibeti meditsiini \u00f5petamist Eestis, 2008. aastal hakkas siin \u00f5petamas k\u00e4ima ka dr Nida ise. Olen koolitanud terapeute ka teistes Euroopa riikides, nagu Soome, Leedu, Poola, Saksamaa, \u0160veits, Prantsusmaa ja Hispaania.<\/div>\n<\/div>\n<p>Oma teise olulise \u00f5petaja Enkhtuyaga kohtusin Saksamaal elades. Enkhtuya on tsaatani ehk dukhade v\u00e4ikerahva hulka kuuluv \u0161amaan P\u00f5hja-Mongoolias H\u00f6vsg\u00f6li j\u00e4rve \u00e4\u00e4res. \u00d5igeks \u0161amaaniks s\u00fcnnitakse, mitte ei \u00f5pita. M\u00e4rgid n\u00e4itasid Enkhtuyale, et ma olen s\u00fcnnip\u00e4rane \u0161amaan ning 2013. aasta suvel sain temalt Mongoolias \u0161amaani p\u00fchitsuse vist senini ainsana Eestis.<\/p>\n<p><img loading=\"lazy\" decoding=\"async\" class=\"aligncenter wp-image-17\" src=\"http:\/\/tiibetimeditsiin.ee\/wp-content\/uploads\/2016\/07\/oru-spacer.png\" alt=\"oru-spacer\" width=\"30\" height=\"27\" \/><\/p>\n<h1 class=\"\"><strong>Tiibeti meditsiini praksis<\/strong><\/h1>\n<div>\n<div class=\"services-wrapper services-default cols-wrapper cols-4 pexeto-parallax\"><div class=\"services-box col\"><a href=\"#\"><div class=\"img-container\"><img decoding=\"async\" src=\"http:\/\/tiibetimeditsiin.ee\/wp-content\/uploads\/2016\/07\/praksis_1-268x179.jpg\" alt=\"Konsultatisoon\"\/><\/div><\/a><div class=\"services-content\"><div class=\"sc-wraper\"><h3><a href=\"#\">Konsultatisoon<\/a><\/h3><p>vastuv\u00f5tul kuulatakse \u00e4ra kaebused, katsutakse pulssi, vaadatakse uriini ja keelt ning vajadusel ka teisi meeleorganeid<\/p><\/div><\/div><\/div><div class=\"services-box col\"><a href=\"#\"><div class=\"img-container\"><img decoding=\"async\" src=\"http:\/\/tiibetimeditsiin.ee\/wp-content\/uploads\/2016\/07\/praksis_2-268x179.jpg\" alt=\"Toitumine\"\/><\/div><\/a><div class=\"services-content\"><div class=\"sc-wraper\"><h3><a href=\"#\">Toitumine<\/a><\/h3><p>toitumise ja eluviisi-alane n\u00f5ustamine<\/p><\/div><\/div><\/div><div class=\"services-box col\"><a href=\"#\"><div class=\"img-container\"><img decoding=\"async\" src=\"http:\/\/tiibetimeditsiin.ee\/wp-content\/uploads\/2016\/07\/praksis_3-268x179.jpg\" alt=\"Teraapiad\"\/><\/div><\/a><div class=\"services-content\"><div class=\"sc-wraper\"><h3><a href=\"#\">Teraapiad<\/a><\/h3><p>n\u00f5elravi, moxa, horme, juk-ch\u00f6, kupud, vanniteraapiad, bLa-energia massaa\u017e jm<\/p><\/div><\/div><\/div><div class=\"services-box col nomargin\"><a href=\"#\"><div class=\"img-container\"><img decoding=\"async\" src=\"http:\/\/tiibetimeditsiin.ee\/wp-content\/uploads\/2016\/07\/praksis_4-268x179.jpg\" alt=\"Ravijooga\"\/><\/div><\/a><div class=\"services-content\"><div class=\"sc-wraper\"><h3><a href=\"#\">Ravijooga<\/a><\/h3><p>tiibeti ravijooga nejang<\/p><\/div><\/div><\/div><div class=\"clear\"><\/div><\/div>\n<h1 class=\"\"><img loading=\"lazy\" decoding=\"async\" class=\"aligncenter wp-image-17\" src=\"http:\/\/tiibetimeditsiin.ee\/wp-content\/uploads\/2016\/07\/oru-spacer.png\" alt=\"oru-spacer\" width=\"30\" height=\"27\" \/><\/h1>\n<h1 class=\"\"><strong>Oru talus lisaks<\/strong><\/h1>\n<p>Loengud, ravijooga eratunnid, l\u00fchikoolitused, geomantia-alane n\u00f5ustamine ja ruumide puhastamine, kaugravi, mantralugemised, retreadid, rituaalid, joogalaagrid, meditatsioonid.<\/p>\n<\/div>\n<p>&nbsp;<\/p>\n<\/div>\n<\/div>\n","protected":false},"excerpt":{"rendered":"<p>Oru talu &#8211; Maru gompa Oru talu vana rehielamu asub ajaloolisel Mulgimaal Maru k\u00fclas. Siinsetes tegemistes on kokku sulanud Eesti [&hellip;]<\/p>\n","protected":false},"author":1,"featured_media":0,"parent":0,"menu_order":0,"comment_status":"closed","ping_status":"closed","template":"","meta":{"footnotes":""},"class_list":["post-4","page","type-page","status-publish","hentry"],"_links":{"self":[{"href":"https:\/\/tiibetimeditsiin.ee\/index.php\/wp-json\/wp\/v2\/pages\/4","targetHints":{"allow":["GET"]}}],"collection":[{"href":"https:\/\/tiibetimeditsiin.ee\/index.php\/wp-json\/wp\/v2\/pages"}],"about":[{"href":"https:\/\/tiibetimeditsiin.ee\/index.php\/wp-json\/wp\/v2\/types\/page"}],"author":[{"embeddable":true,"href":"https:\/\/tiibetimeditsiin.ee\/index.php\/wp-json\/wp\/v2\/users\/1"}],"replies":[{"embeddable":true,"href":"https:\/\/tiibetimeditsiin.ee\/index.php\/wp-json\/wp\/v2\/comments?post=4"}],"version-history":[{"count":12,"href":"https:\/\/tiibetimeditsiin.ee\/index.php\/wp-json\/wp\/v2\/pages\/4\/revisions"}],"predecessor-version":[{"id":216,"href":"https:\/\/tiibetimeditsiin.ee\/index.php\/wp-json\/wp\/v2\/pages\/4\/revisions\/216"}],"wp:attachment":[{"href":"https:\/\/tiibetimeditsiin.ee\/index.php\/wp-json\/wp\/v2\/media?parent=4"}],"curies":[{"name":"wp","href":"https:\/\/api.w.org\/{rel}","templated":true}]}}